{"id":102,"date":"2020-07-27T09:43:43","date_gmt":"2020-07-27T09:43:43","guid":{"rendered":"https:\/\/lighthousebooks.org\/index.php\/product\/103-home-cooked-meals\/"},"modified":"2024-12-08T20:32:29","modified_gmt":"2024-12-08T20:32:29","slug":"highlights-on-poetry-drama-prose-and-literature-vol-1","status":"publish","type":"product","link":"https:\/\/lighthousebooks.org\/index.php\/product\/highlights-on-poetry-drama-prose-and-literature-vol-1\/","title":{"rendered":"Highlights on Poetry, Drama, Prose, and Literature Vol. 1"},"content":{"rendered":"<h3>Highlights on Poetry, Drama, Prose, and Literature Vol. 1<\/h3>\n<p><strong>Dr. Meghan Findlay, (Editor)<\/strong><\/p>\n<p>This book covers keys areas of Literature. The contributions by the authors include Epiphany, Epistrophe, Epitaph, Epithet, Eponym, Equivocation, Essay, Etymology, Euphemism, Excursus, Exemplum, Exposition, Extended Metaphor, Fable, Fairy Tale, Fantasy, Farce, Figures of Speech, Flash-forward, Flashback, Folklore, Foreshadowing, Foreword, Genre, Haiku, Hamartia, Harangue, Homage, Homograph, Homophone, Horror, Hubris, Hyperbaton, Hyperbole, Idiom, Imagery, Inference, Innuendo, Intertextuality, Invective, Irony, Jargon, Juxtaposition, Kairos, Legend, Limerick, Lingo, Literary Device, Litotes, Malapropism, Maxim, Melodrama, Memoir, Metanoia, Metaphor, Metonymy, Mnemonic, Monologue, Montage, Motif, Motto, Mystery, Myth, Narrative, Narrator, Nemesis, Neologism, Nostalgia, Ode, Onomatopoeia.<\/p>\n<p><span style=\"text-decoration: underline;\"><strong>Chapters of the book:<\/strong><\/span><\/p>\n<p><strong>Chapter 1<\/strong>: &#8220;Father to my story&#8221;: writing Foe, de-authorizing (De)Foe<br \/>\nManuel Almagro Jim\u00e9nez<br \/>\nHighlights on Poetry, Drama, Prose, and Literature Vol. 1, 10 December 2021, Pages: 5-20<\/p>\n<p><strong>Chapter 2<\/strong>: An aspect of lexicography still not fully professionalized: the search for antedatings and postdatings (with examples mostly from English and some from other languages)<br \/>\nDavid L. Gold<br \/>\nHighlights on Poetry, Drama, Prose, and Literature Vol. 1, 10 December 2021, Pages: 21-40<\/p>\n<p><strong>Chapter 3<\/strong>: Specialized bilingual dictionaries for translators (some considerations for a user-oriented approach)<br \/>\nAdelina G\u00f3mez Gonz\u00e1lez-Jover<br \/>\nHighlights on Poetry, Drama, Prose, and Literature Vol. 1, 10 December 2021, Pages: 41-57<\/p>\n<p><strong>Chapter 4<\/strong>: Intonation focus in the interlanguage of a group of Spanish learners of English<br \/>\nFrancisco Guti\u00e9rrez D\u00edez<br \/>\nHighlights on Poetry, Drama, Prose, and Literature Vol. 1, 10 December 2021, Pages: 58-72<\/p>\n<p><strong>Chapter 5<\/strong>: The manipulative power of word-formation devices in Margaret Atwood&#8217;s Oryx and Crake<br \/>\nPaula L\u00f3pez R\u00faa<br \/>\nHighlights on Poetry, Drama, Prose, and Literature Vol. 1, 10 December 2021, Pages: 73-90<\/p>\n<p><strong>Chapter 6<\/strong>: A theoretical review of the speech act of suggesting: towards a taxonomy for its use in FLT<br \/>\nAlicia Mart\u00ednez Flor<br \/>\nHighlights on Poetry, Drama, Prose, and Literature Vol. 1, 10 December 2021, Pages: 91-105<\/p>\n<p><strong>Chapter 7<\/strong>: &#8220;What then?&#8221;: poststructuralism, authorial intention and W. B. Yeats<br \/>\nBrendan McNamee<br \/>\nHighlights on Poetry, Drama, Prose, and Literature Vol. 1, 10 December 2021, Pages: 106-126<\/p>\n<p><strong>Chapter 8<\/strong>: On the phatic interpretation of utterances: a complementary relevance-theoretic proposal<br \/>\nManuel Padilla Cruz<br \/>\nHighlights on Poetry, Drama, Prose, and Literature Vol. 1, 10 December 2021, Pages: 127-140<\/p>\n<p><strong>Chapter 9<\/strong>: Toni Morrison&#8217;s &#8220;Love&#8221; and the trickster paradigm<br \/>\nSusana Vega Gonz\u00e1lez<br \/>\nHighlights on Poetry, Drama, Prose, and Literature Vol. 1, 10 December 2021, Pages: 141-255<\/p>\n<p><strong>Chapter 10<\/strong>: Celebrating slang and unconventional English, once again: an interview with Terry Victor<br \/>\nAntonio Lillo Buades<br \/>\nHighlights on Poetry, Drama, Prose, and Literature Vol. 1, 10 December 2021, Pages: 256-270<\/p>\n<p><strong>Chapter 11<\/strong>: Cognitive semantics and axiology: a new proposal to study metaphor in economics advertising discourse<br \/>\nMar\u00eda Enriqueta Cort\u00e9s de los R\u00edos<br \/>\nHighlights on Poetry, Drama, Prose, and Literature Vol. 1, 10 December 2021, Pages: 271-281<\/p>\n<p><strong>Chapter 12<\/strong>: English nouns and verbs ending in -scape<br \/>\nDavid L. Gold<br \/>\nHighlights on Poetry, Drama, Prose, and Literature Vol. 1, 10 December 2021, Pages: 272-297<\/p>\n<p><strong>Chapter 13<\/strong>: Moral certitude and moral ambiguity in Bernard Bergonzi&#8217;s The Roman Persuasion<br \/>\nFrederick Hale<br \/>\nHighlights on Poetry, Drama, Prose, and Literature Vol. 1, 10 December 2021, Pages: 298-320<\/p>\n<p><strong>Chapter 14<\/strong>: The use of discourse markers in E.F.L. learners&#8217; writing<br \/>\nAna Cristina Lahuerta Mart\u00ednez<br \/>\nHighlights on Poetry, Drama, Prose, and Literature Vol. 1, 10 December 2021, Pages: 321-352<\/p>\n<p><strong>Chapter 15<\/strong>: The Philomathian Society and political debate in late Eighteenth Century England<br \/>\nJos\u00e9 Francisco P\u00e9rez Berenguel<br \/>\nHighlights on Poetry, Drama, Prose, and Literature Vol. 1, 10 December 2021, Pages: 353-372<\/p>\n","protected":false},"excerpt":{"rendered":"<div class=\"woocommerce-product-details__short-description\">\n<p><strong>Dr. Meghan Findlay, (Editor)<\/strong><\/p>\n<\/div>\n<div class=\"auxshp-variations variations\"><\/div>\n","protected":false},"featured_media":425,"comment_status":"open","ping_status":"closed","template":"","meta":{"om_disable_all_campaigns":false,"_monsterinsights_skip_tracking":false,"_monsterinsights_sitenote_active":false,"_monsterinsights_sitenote_note":"","_monsterinsights_sitenote_category":0,"spay_email":""},"product_cat":[64,61],"product_tag":[25,26,27],"_links":{"self":[{"href":"https:\/\/lighthousebooks.org\/index.php\/wp-json\/wp\/v2\/product\/102"}],"collection":[{"href":"https:\/\/lighthousebooks.org\/index.php\/wp-json\/wp\/v2\/product"}],"about":[{"href":"https:\/\/lighthousebooks.org\/index.php\/wp-json\/wp\/v2\/types\/product"}],"replies":[{"embeddable":true,"href":"https:\/\/lighthousebooks.org\/index.php\/wp-json\/wp\/v2\/comments?post=102"}],"wp:featuredmedia":[{"embeddable":true,"href":"https:\/\/lighthousebooks.org\/index.php\/wp-json\/wp\/v2\/media\/425"}],"wp:attachment":[{"href":"https:\/\/lighthousebooks.org\/index.php\/wp-json\/wp\/v2\/media?parent=102"}],"wp:term":[{"taxonomy":"product_cat","embeddable":true,"href":"https:\/\/lighthousebooks.org\/index.php\/wp-json\/wp\/v2\/product_cat?post=102"},{"taxonomy":"product_tag","embeddable":true,"href":"https:\/\/lighthousebooks.org\/index.php\/wp-json\/wp\/v2\/product_tag?post=102"}],"curies":[{"name":"wp","href":"https:\/\/api.w.org\/{rel}","templated":true}]}}