{"id":97,"date":"2020-07-27T12:51:17","date_gmt":"2020-07-27T12:51:17","guid":{"rendered":"https:\/\/lighthousebooks.org\/index.php\/product\/amazon-jungle-2\/"},"modified":"2025-08-29T03:05:16","modified_gmt":"2025-08-29T03:05:16","slug":"novel-research-aspects-in-public-health-and-health-sciences-vol-1","status":"publish","type":"product","link":"https:\/\/lighthousebooks.org\/index.php\/product\/novel-research-aspects-in-public-health-and-health-sciences-vol-1\/","title":{"rendered":"Novel Research Aspects in Public Health, and Health Sciences Vol. 1"},"content":{"rendered":"<h3>Novel Research Aspects in Public Health, and Health Sciences Vol. 1<\/h3>\n<p><strong>Dr. Erna Dahl, (Editor)<\/strong><\/p>\n<p>This book covers keys areas of Pharmacology. The contributions by the authors include Pharmacogenomics, Pharmacology, Physical Medicine, Physical Therapy, Phytomedicine, Plant biology, Plastic Surgery, Proctology, Psychiatry, Psychology, Public Health, Radiology, Regenerative Medicine, Reproductive Medicine, Respiratory Medicine, Rheumatology, Scientometrics, Sports Medicine, Stem Cells, Stomatology, Surgery, Telemedicine, Toxicology, Transplantation, Traumatology, Urology, Vascular Medicine, Vascular surgery, Virology.<\/p>\n<p><span style=\"text-decoration: underline;\"><strong>Chapters of the book:<\/strong><\/span><\/p>\n<p><strong>Chapter 1<\/strong>: Strength of clinical evidence leading to approval of novel cancer medicines in Europe: A systematic review and data synthesis<br \/>\nAlberto Farina, Federico Moro, Frederick Fasslrinner, Annahita Sedghi, Miluska Bromley, Timo Siepmann<br \/>\nNovel Research Aspects in Public Health, and Health Sciences Vol. 1, 17 December 2021, Pages: 5-24<\/p>\n<p><strong>Chapter 2<\/strong>: Long noncoding RNA highly upregulated in liver cancer promotes the progression of hepatocellular carcinoma and attenuates the chemosensitivity of oxaliplatin by regulating miR-383-5p\/vesicle-associated membrane protein-2 axis<br \/>\nPeng Li, Yuwei Li, Lieting Ma<br \/>\nNovel Research Aspects in Public Health, and Health Sciences Vol. 1, 17 December 2021, Pages: 25-45<\/p>\n<p><strong>Chapter 3<\/strong>: Evaluating aminophylline and progesterone combination treatment to modulate contractility and labor-related proteins in pregnant human myometrial tissues<br \/>\nPei F. Lai, Roger C. Young, Rachel M. Tribe, Mark R. Johnson<br \/>\nNovel Research Aspects in Public Health, and Health Sciences Vol. 1, 17 December 2021, Pages: 46-67<\/p>\n<p><strong>Chapter 4<\/strong>: Stathmin dynamics modulate the activity of eribulin in breast cancer cells<br \/>\nMikihiro Yoshie, Akari Ishida, Haruka Ohashi, Nami Nakachi, Mana Azumi, Kazuhiro Tamura<br \/>\nNovel Research Aspects in Public Health, and Health Sciences Vol. 1, 17 December 2021, Pages: 68-82<\/p>\n<p><strong>Chapter 5<\/strong>: Overall survival in metastatic melanoma correlates with pembrolizumab exposure and T cell exhaustion markers<br \/>\nVishal Navani, Moira C. Graves, Giovana Celli Marchett, Hiren Mandaliya, Nikola A. Bowden, Andre van der Westhuizen<br \/>\nNovel Research Aspects in Public Health, and Health Sciences Vol. 1, 17 December 2021, Pages: 83-110<\/p>\n<p><strong>Chapter 6<\/strong>: p-cymene impairs SARS-CoV-2 and Influenza A (H1N1) viral replication: In silico predicted interaction with SARS-CoV-2 nucleocapsid protein and H1N1 nucleoprotein<br \/>\nAthanasios Panagiotopoulos, Melpomeni Tseliou, Ioannis Karakasiliotis, Danai-Maria Kotzampasi, Vangelis Daskalakis, Nikolaos Kesesidis, George Notas, Christos Lionis, Marilena Kampa, Stergios Pirintsos, George Sourvinos, Elias Castanas<br \/>\nNovel Research Aspects in Public Health, and Health Sciences Vol. 1, 17 December 2021, Pages: 111-135<\/p>\n<p><strong>Chapter 7<\/strong>: Markers of cholesterol synthesis to cholesterol absorption across the spectrum of non-dialysis CKD: An observational study<br \/>\nInsa E. Emrich, Gunnar H. Heine, P. Christian Schulze, Kyrill S. Rogacev, Danilo Fliser, Stefan Wagenpfeil, Michael B\u00f6hm, Dieter L\u00fctjohann, Oliver Weing\u00e4rtner<br \/>\nNovel Research Aspects in Public Health, and Health Sciences Vol. 1, 17 December 2021, Pages: 136-166<\/p>\n<p><strong>Chapter 8<\/strong>: Carrageenan nasal spray may double the rate of recovery from coronavirus and influenza virus infections: Re-analysis of randomized trial data<br \/>\nHarri Hemil\u00e4, Elizabeth Chalker<br \/>\nNovel Research Aspects in Public Health, and Health Sciences Vol. 1, 17 December 2021, Pages: 167-190<\/p>\n<p><strong>Chapter 9<\/strong>: Addressing opioid tolerance and opioid-induced hypersensitivity: Recent developments and future therapeutic strategies<br \/>\nFaris Khan, Aman Mehan<br \/>\nNovel Research Aspects in Public Health, and Health Sciences Vol. 1, 17 December 2021, Pages: 191-215<\/p>\n<p><strong>Chapter 10<\/strong>: Anticholinergic drugs and risk of dementia: Time for action?<br \/>\nBrian Bell, Anthony Avery, Delia Bishara, Carol Coupland, Darren Ashcroft, Martin Orrell<br \/>\nNovel Research Aspects in Public Health, and Health Sciences Vol. 1, 17 December 2021, Pages: 216-240<\/p>\n<p><strong>Chapter 11<\/strong>: Health service use and costs associated with fluoroquinolone-related tendon injuries<br \/>\nLaura S. M. Kuula, Janne T. Backman, Marja L. Blom<br \/>\nNovel Research Aspects in Public Health, and Health Sciences Vol. 1, 17 December 2021, Pages: 241-271<\/p>\n<p><strong>Chapter 12<\/strong>: The contribution of nano-based strategies in overcoming ceftriaxone resistance: a literature review<br \/>\nAshagrachew Tewabe, Tesfa Marew, Gebremariam Birhanu<br \/>\nNovel Research Aspects in Public Health, and Health Sciences Vol. 1, 17 December 2021, Pages: 272-297<\/p>\n<p><strong>Chapter 13<\/strong>: Impacts of anti-inflammatory phosphodiesterase inhibitors on a murine model of chronic pulmonary inflammation<br \/>\nXiao-Fang Zheng, Dan-Dan Chen, Xiao-Ling Zhu, Jehane Michael Le Grange, Lu-Qian Zhou, Jin-Nong Zhang<br \/>\nNovel Research Aspects in Public Health, and Health Sciences Vol. 1, 17 December 2021, Pages: 298-320<\/p>\n<p><strong>Chapter 14<\/strong>: The therapeutic effects of naringenin on bronchial pneumonia in children<br \/>\nWenjing Yao, Xiaopeng Zhang, Feng Xu, Chunxia Cao, Tongtong Liu, Yuanyuan Xue<br \/>\nNovel Research Aspects in Public Health, and Health Sciences Vol. 1, 17 December 2021, Pages: 321-352<\/p>\n<p><strong>Chapter 15<\/strong>: TROIKA-1: A double-blind, randomized, parallel group, study aimed to demonstrate the equivalent pharmacokinetic profile of HD201, a potential biosimilar candidate to trastuzumab, versus EU-Herceptin\u00ae and US-Herceptin\u00ae in healthy male subjects<br \/>\nMartin Demarchi, Pierre Coliat, Kristi Mclendon, Jocelyn Chung Shii Hii, Peggy Feyaerts, Felicia Ang, Litha Jaison, Filip Deforce, Marie Paule Derde, Michael Jinwoo Kim, Lisa Soyeon Park, Alexandre Detappe, Xavier Pivot<br \/>\nNovel Research Aspects in Public Health, and Health Sciences Vol. 1, 17 December 2021, Pages: 353-372<\/p>\n<p><strong>Chapter 16<\/strong>: Drug repurposing strategies of relevance for Parkinson\u2019s disease<br \/>\nEdward J. R. Fletcher, Thomas Kaminski, Gareth Williams, Susan Duty<br \/>\nNovel Research Aspects in Public Health, and Health Sciences Vol. 1, 17 December 2021, Pages: 373-400<\/p>\n<p><strong>Chapter 17<\/strong>: Binding interactions with sevelamer and polystyrene sulfonate in vitro<br \/>\nInge R.F. van Berlo-van de Laar, Ilona Prins-Can, Aliesa A. de Lange, Katja Taxis, Frank G.A. Jansman<br \/>\nNovel Research Aspects in Public Health, and Health Sciences Vol. 1, 17 December 2021, Pages: 401-425<\/p>\n<p><strong>Chapter 18<\/strong>: Testicular disposition of clofarabine in rats is dependent on equilibrative nucleoside transporters<br \/>\nSiennah R. Miller, Joseph L. Jilek, Meghan E. McGrath, Raymond K. Hau, Erin Q. Jennings, James J. Galligan, Stephen H. Wright, Nathan J. Cherrington<br \/>\nNovel Research Aspects in Public Health, and Health Sciences Vol. 1, 17 December 2021, Pages: 426-439<\/p>\n<p><strong>Chapter 19<\/strong>: An overview of diagnosis and management of drug-induced hypomagnesemia<br \/>\nGeorge Liamis, Ewout J. Hoorn, Matilda Florentin, Haralampos Milionis<br \/>\nNovel Research Aspects in Public Health, and Health Sciences Vol. 1, 17 December 2021, Pages: 440-468<\/p>\n<p><strong>Chapter 20<\/strong>: Ocular safety of repeated intravitreal injections of Carboplatin and Digoxin: A preclinical study on the healthy rabbits<br \/>\nAlireza Khodabande, Fariba Ghassemi, Fahimeh Asadi Amoli, Hamid Riazi-Esfahani, Raziyeh Mahmoudzadeh, Mohammad Mehrpour, Niloufar Valipour<br \/>\nNovel Research Aspects in Public Health, and Health Sciences Vol. 1, 17 December 2021, Pages: 469-485<\/p>\n<p><strong>Chapter 21<\/strong>: Recombinant botulinum neurotoxin serotype A1 in vivo characterization<br \/>\nCindy P\u00e9rier, Vincent Martin, Sylvie Cornet, Christine Favre-Guilmard, Marie-Noelle Rocher, Julien Bindler, St\u00e9phanie Wagner, Emile Andriambeloson, Brian B. Rudkin, Rudy Marty, Alban Vignaud, Matthew Beard, Stephane Lezmi, Mikhail Kalinichev<br \/>\nNovel Research Aspects in Public Health, and Health Sciences Vol. 1, 17 December 2021, Pages: 486-511<\/p>\n<p><strong>Chapter 22<\/strong>: Effects of propofol and its formulation components on macrophages and neutrophils in obese and lean animals<br \/>\nLuciana Boavista Barros Heil, Fernanda Ferreira Cruz, Mariana Alves Antunes, Cassia Lisboa Braga, Lais Costa Agra, Rebecca Madureira Bose Le\u00e3o, Soraia Carvalho Abreu, Paolo Pelosi, Pedro Leme Silva, Patricia Rieken Macedo Rocco<br \/>\nNovel Research Aspects in Public Health, and Health Sciences Vol. 1, 17 December 2021, Pages: 512-530<\/p>\n","protected":false},"excerpt":{"rendered":"<p><strong>Dr. Erna Dahl, (Editor)<\/strong><\/p>\n","protected":false},"featured_media":419,"comment_status":"open","ping_status":"closed","template":"","meta":{"om_disable_all_campaigns":false,"_monsterinsights_skip_tracking":false,"_monsterinsights_sitenote_active":false,"_monsterinsights_sitenote_note":"","_monsterinsights_sitenote_category":0,"spay_email":""},"product_cat":[38,53,62],"product_tag":[25],"_links":{"self":[{"href":"https:\/\/lighthousebooks.org\/index.php\/wp-json\/wp\/v2\/product\/97"}],"collection":[{"href":"https:\/\/lighthousebooks.org\/index.php\/wp-json\/wp\/v2\/product"}],"about":[{"href":"https:\/\/lighthousebooks.org\/index.php\/wp-json\/wp\/v2\/types\/product"}],"replies":[{"embeddable":true,"href":"https:\/\/lighthousebooks.org\/index.php\/wp-json\/wp\/v2\/comments?post=97"}],"wp:featuredmedia":[{"embeddable":true,"href":"https:\/\/lighthousebooks.org\/index.php\/wp-json\/wp\/v2\/media\/419"}],"wp:attachment":[{"href":"https:\/\/lighthousebooks.org\/index.php\/wp-json\/wp\/v2\/media?parent=97"}],"wp:term":[{"taxonomy":"product_cat","embeddable":true,"href":"https:\/\/lighthousebooks.org\/index.php\/wp-json\/wp\/v2\/product_cat?post=97"},{"taxonomy":"product_tag","embeddable":true,"href":"https:\/\/lighthousebooks.org\/index.php\/wp-json\/wp\/v2\/product_tag?post=97"}],"curies":[{"name":"wp","href":"https:\/\/api.w.org\/{rel}","templated":true}]}}